{"id":2032,"date":"2021-03-26T04:18:43","date_gmt":"2021-03-26T04:18:43","guid":{"rendered":"https:\/\/osakaseimitsu.vn\/product\/san-pham-dap-nguoi\/"},"modified":"2021-04-07T06:07:28","modified_gmt":"2021-04-07T06:07:28","slug":"san-pham-dap-nguoi","status":"publish","type":"product","link":"https:\/\/osakaseimitsu.vn\/en\/product\/san-pham-dap-nguoi\/","title":{"rendered":"S\u1ea3n ph\u1ea9m d\u1eadp ngu\u1ed9i 001"},"content":{"rendered":"<p>C\u00f4ng ty Osakaseimitsu ch\u00fang t\u00f4i lu\u00f4n n\u1eafm b\u1eaft v\u00e0 ch\u1ee7 \u0111\u1ed9ng ho\u00e0n to\u00e0n t\u1eeb thi\u1ebft k\u1ebf- t\u1ea1o khu\u00f4n- d\u1eadp s\u1ea3n ph\u1ea9m c\u00e1c c\u00f4ng ngh\u1ec7 Cold forging t\u1eeb r\u1ea5t s\u1edbm, \u0111\u1ea1t t\u1edbi m\u1ee9c \u0111\u1ed9 c\u00f4ng ngh\u1ec7 t\u01b0\u01a1ng \u0111\u01b0\u01a1ng c\u00e1c n\u01b0\u1edbc ph\u01b0\u01a1ng t\u00e2y v\u00e0 Nh\u1eadt B\u1ea3n nh\u01b0 c\u00f3 th\u1ec3 d\u1eadp c\u00e1c chi ti\u1ebft ch\u00ednh x\u00e1c cao nh\u01b0 d\u1eadp tr\u1ee5c r\u0103ng, b\u00e1nh r\u0103ng th\u1eb3ng, b\u00e1nh r\u0103ng c\u00f4n&#8230;<\/p>\n","protected":false},"excerpt":{"rendered":"<p>C\u00f4ng ty Osakaseimitsu ch\u00fang t\u00f4i lu\u00f4n n\u1eafm b\u1eaft v\u00e0 ch\u1ee7 \u0111\u1ed9ng ho\u00e0n to\u00e0n t\u1eeb thi\u1ebft k\u1ebf- t\u1ea1o khu\u00f4n- d\u1eadp s\u1ea3n ph\u1ea9m c\u00e1c c\u00f4ng ngh\u1ec7 Cold forging t\u1eeb r\u1ea5t s\u1edbm, \u0111\u1ea1t t\u1edbi m\u1ee9c \u0111\u1ed9 c\u00f4ng ngh\u1ec7 t\u01b0\u01a1ng \u0111\u01b0\u01a1ng c\u00e1c n\u01b0\u1edbc ph\u01b0\u01a1ng t\u00e2y v\u00e0 Nh\u1eadt B\u1ea3n nh\u01b0 c\u00f3 th\u1ec3 d\u1eadp c\u00e1c chi ti\u1ebft ch\u00ednh x\u00e1c cao nh\u01b0 d\u1eadp tr\u1ee5c r\u0103ng, b\u00e1nh r\u0103ng th\u1eb3ng, b\u00e1nh r\u0103ng c\u00f4n&#8230;<\/p>\n","protected":false},"featured_media":1491,"template":"","product-category":[91],"class_list":["post-2032","product","type-product","status-publish","has-post-thumbnail","hentry","product-category-cold-stamping-products"],"yoast_head":"<!-- This site is optimized with the Yoast SEO plugin v20.11 - https:\/\/yoast.com\/wordpress\/plugins\/seo\/ -->\n<title>S\u1ea3n ph\u1ea9m d\u1eadp ngu\u1ed9i 001 &raquo; HA NOI INDUSTRY TRADING INVESTMENT JOINT STOCK COMPANY<\/title>\n<meta name=\"robots\" content=\"index, follow, max-snippet:-1, max-image-preview:large, max-video-preview:-1\" \/>\n<link rel=\"canonical\" href=\"https:\/\/osakaseimitsu.vn\/en\/product\/san-pham-dap-nguoi\/\" \/>\n<meta property=\"og:locale\" content=\"en_US\" \/>\n<meta property=\"og:type\" content=\"article\" \/>\n<meta property=\"og:title\" content=\"S\u1ea3n ph\u1ea9m d\u1eadp ngu\u1ed9i 001 &raquo; HA NOI INDUSTRY TRADING INVESTMENT JOINT STOCK COMPANY\" \/>\n<meta property=\"og:description\" content=\"C\u00f4ng ty Osakaseimitsu ch\u00fang t\u00f4i lu\u00f4n n\u1eafm b\u1eaft v\u00e0 ch\u1ee7 \u0111\u1ed9ng ho\u00e0n to\u00e0n t\u1eeb thi\u1ebft k\u1ebf- t\u1ea1o khu\u00f4n- d\u1eadp s\u1ea3n ph\u1ea9m c\u00e1c c\u00f4ng ngh\u1ec7 Cold forging t\u1eeb r\u1ea5t s\u1edbm, \u0111\u1ea1t t\u1edbi m\u1ee9c \u0111\u1ed9 c\u00f4ng ngh\u1ec7 t\u01b0\u01a1ng \u0111\u01b0\u01a1ng c\u00e1c n\u01b0\u1edbc ph\u01b0\u01a1ng t\u00e2y v\u00e0 Nh\u1eadt B\u1ea3n nh\u01b0 c\u00f3 th\u1ec3 d\u1eadp c\u00e1c chi ti\u1ebft ch\u00ednh x\u00e1c cao nh\u01b0 d\u1eadp tr\u1ee5c r\u0103ng, b\u00e1nh r\u0103ng th\u1eb3ng, b\u00e1nh r\u0103ng c\u00f4n...\" \/>\n<meta property=\"og:url\" content=\"https:\/\/osakaseimitsu.vn\/en\/product\/san-pham-dap-nguoi\/\" \/>\n<meta property=\"og:site_name\" content=\"HA NOI INDUSTRY TRADING INVESTMENT JOINT STOCK COMPANY\" \/>\n<meta property=\"article:publisher\" content=\"https:\/\/www.facebook.com\" \/>\n<meta property=\"article:modified_time\" content=\"2021-04-07T06:07:28+00:00\" \/>\n<meta property=\"og:image\" content=\"https:\/\/osakaseimitsu.vn\/wp-content\/uploads\/2021\/03\/DSC_3494-scaled.jpg\" \/>\n\t<meta property=\"og:image:width\" content=\"2560\" \/>\n\t<meta property=\"og:image:height\" content=\"1709\" \/>\n\t<meta property=\"og:image:type\" content=\"image\/jpeg\" \/>\n<meta name=\"twitter:card\" content=\"summary_large_image\" \/>\n<meta name=\"twitter:label1\" content=\"Est. reading time\" \/>\n\t<meta name=\"twitter:data1\" content=\"1 minute\" \/>\n<script type=\"application\/ld+json\" class=\"yoast-schema-graph\">{\"@context\":\"https:\/\/schema.org\",\"@graph\":[{\"@type\":\"WebPage\",\"@id\":\"https:\/\/osakaseimitsu.vn\/en\/product\/san-pham-dap-nguoi\/\",\"url\":\"https:\/\/osakaseimitsu.vn\/en\/product\/san-pham-dap-nguoi\/\",\"name\":\"S\u1ea3n ph\u1ea9m d\u1eadp ngu\u1ed9i 001 &raquo; HA NOI INDUSTRY TRADING INVESTMENT JOINT STOCK COMPANY\",\"isPartOf\":{\"@id\":\"https:\/\/osakaseimitsu.vn\/#website\"},\"datePublished\":\"2021-03-26T04:18:43+00:00\",\"dateModified\":\"2021-04-07T06:07:28+00:00\",\"breadcrumb\":{\"@id\":\"https:\/\/osakaseimitsu.vn\/en\/product\/san-pham-dap-nguoi\/#breadcrumb\"},\"inLanguage\":\"en-US\",\"potentialAction\":[{\"@type\":\"ReadAction\",\"target\":[\"https:\/\/osakaseimitsu.vn\/en\/product\/san-pham-dap-nguoi\/\"]}]},{\"@type\":\"BreadcrumbList\",\"@id\":\"https:\/\/osakaseimitsu.vn\/en\/product\/san-pham-dap-nguoi\/#breadcrumb\",\"itemListElement\":[{\"@type\":\"ListItem\",\"position\":1,\"name\":\"Products\",\"item\":\"https:\/\/osakaseimitsu.vn\/product\/\"},{\"@type\":\"ListItem\",\"position\":2,\"name\":\"S\u1ea3n ph\u1ea9m d\u1eadp ngu\u1ed9i 001\"}]},{\"@type\":\"WebSite\",\"@id\":\"https:\/\/osakaseimitsu.vn\/#website\",\"url\":\"https:\/\/osakaseimitsu.vn\/\",\"name\":\"HA NOI INDUSTRY TRADING INVESTMENT JOINT STOCK COMPANY\",\"description\":\"\",\"publisher\":{\"@id\":\"https:\/\/osakaseimitsu.vn\/#organization\"},\"potentialAction\":[{\"@type\":\"SearchAction\",\"target\":{\"@type\":\"EntryPoint\",\"urlTemplate\":\"https:\/\/osakaseimitsu.vn\/?s={search_term_string}\"},\"query-input\":\"required name=search_term_string\"}],\"inLanguage\":\"en-US\"},{\"@type\":\"Organization\",\"@id\":\"https:\/\/osakaseimitsu.vn\/#organization\",\"name\":\"HA NOI INDUSTRY TRADING INVESTMENT JOINT STOCK COMPANY\",\"url\":\"https:\/\/osakaseimitsu.vn\/\",\"logo\":{\"@type\":\"ImageObject\",\"inLanguage\":\"en-US\",\"@id\":\"https:\/\/osakaseimitsu.vn\/#\/schema\/logo\/image\/\",\"url\":\"https:\/\/osakaseimitsu.vn\/wp-content\/uploads\/2021\/03\/favicon.ico\",\"contentUrl\":\"https:\/\/osakaseimitsu.vn\/wp-content\/uploads\/2021\/03\/favicon.ico\",\"width\":48,\"height\":48,\"caption\":\"HA NOI INDUSTRY TRADING INVESTMENT JOINT STOCK COMPANY\"},\"image\":{\"@id\":\"https:\/\/osakaseimitsu.vn\/#\/schema\/logo\/image\/\"},\"sameAs\":[\"https:\/\/www.facebook.com\",\"https:\/\/www.instagram.com\",\"https:\/\/www.linkedin.com\/\",\"https:\/\/www.youtube.com\/\"]}]}<\/script>\n<!-- \/ Yoast SEO plugin. -->","yoast_head_json":{"title":"S\u1ea3n ph\u1ea9m d\u1eadp ngu\u1ed9i 001 &raquo; HA NOI INDUSTRY TRADING INVESTMENT JOINT STOCK COMPANY","robots":{"index":"index","follow":"follow","max-snippet":"max-snippet:-1","max-image-preview":"max-image-preview:large","max-video-preview":"max-video-preview:-1"},"canonical":"https:\/\/osakaseimitsu.vn\/en\/product\/san-pham-dap-nguoi\/","og_locale":"en_US","og_type":"article","og_title":"S\u1ea3n ph\u1ea9m d\u1eadp ngu\u1ed9i 001 &raquo; HA NOI INDUSTRY TRADING INVESTMENT JOINT STOCK COMPANY","og_description":"C\u00f4ng ty Osakaseimitsu ch\u00fang t\u00f4i lu\u00f4n n\u1eafm b\u1eaft v\u00e0 ch\u1ee7 \u0111\u1ed9ng ho\u00e0n to\u00e0n t\u1eeb thi\u1ebft k\u1ebf- t\u1ea1o khu\u00f4n- d\u1eadp s\u1ea3n ph\u1ea9m c\u00e1c c\u00f4ng ngh\u1ec7 Cold forging t\u1eeb r\u1ea5t s\u1edbm, \u0111\u1ea1t t\u1edbi m\u1ee9c \u0111\u1ed9 c\u00f4ng ngh\u1ec7 t\u01b0\u01a1ng \u0111\u01b0\u01a1ng c\u00e1c n\u01b0\u1edbc ph\u01b0\u01a1ng t\u00e2y v\u00e0 Nh\u1eadt B\u1ea3n nh\u01b0 c\u00f3 th\u1ec3 d\u1eadp c\u00e1c chi ti\u1ebft ch\u00ednh x\u00e1c cao nh\u01b0 d\u1eadp tr\u1ee5c r\u0103ng, b\u00e1nh r\u0103ng th\u1eb3ng, b\u00e1nh r\u0103ng c\u00f4n...","og_url":"https:\/\/osakaseimitsu.vn\/en\/product\/san-pham-dap-nguoi\/","og_site_name":"HA NOI INDUSTRY TRADING INVESTMENT JOINT STOCK COMPANY","article_publisher":"https:\/\/www.facebook.com","article_modified_time":"2021-04-07T06:07:28+00:00","og_image":[{"width":2560,"height":1709,"url":"https:\/\/osakaseimitsu.vn\/wp-content\/uploads\/2021\/03\/DSC_3494-scaled.jpg","type":"image\/jpeg"}],"twitter_card":"summary_large_image","twitter_misc":{"Est. reading time":"1 minute"},"schema":{"@context":"https:\/\/schema.org","@graph":[{"@type":"WebPage","@id":"https:\/\/osakaseimitsu.vn\/en\/product\/san-pham-dap-nguoi\/","url":"https:\/\/osakaseimitsu.vn\/en\/product\/san-pham-dap-nguoi\/","name":"S\u1ea3n ph\u1ea9m d\u1eadp ngu\u1ed9i 001 &raquo; HA NOI INDUSTRY TRADING INVESTMENT JOINT STOCK COMPANY","isPartOf":{"@id":"https:\/\/osakaseimitsu.vn\/#website"},"datePublished":"2021-03-26T04:18:43+00:00","dateModified":"2021-04-07T06:07:28+00:00","breadcrumb":{"@id":"https:\/\/osakaseimitsu.vn\/en\/product\/san-pham-dap-nguoi\/#breadcrumb"},"inLanguage":"en-US","potentialAction":[{"@type":"ReadAction","target":["https:\/\/osakaseimitsu.vn\/en\/product\/san-pham-dap-nguoi\/"]}]},{"@type":"BreadcrumbList","@id":"https:\/\/osakaseimitsu.vn\/en\/product\/san-pham-dap-nguoi\/#breadcrumb","itemListElement":[{"@type":"ListItem","position":1,"name":"Products","item":"https:\/\/osakaseimitsu.vn\/product\/"},{"@type":"ListItem","position":2,"name":"S\u1ea3n ph\u1ea9m d\u1eadp ngu\u1ed9i 001"}]},{"@type":"WebSite","@id":"https:\/\/osakaseimitsu.vn\/#website","url":"https:\/\/osakaseimitsu.vn\/","name":"HA NOI INDUSTRY TRADING INVESTMENT JOINT STOCK COMPANY","description":"","publisher":{"@id":"https:\/\/osakaseimitsu.vn\/#organization"},"potentialAction":[{"@type":"SearchAction","target":{"@type":"EntryPoint","urlTemplate":"https:\/\/osakaseimitsu.vn\/?s={search_term_string}"},"query-input":"required name=search_term_string"}],"inLanguage":"en-US"},{"@type":"Organization","@id":"https:\/\/osakaseimitsu.vn\/#organization","name":"HA NOI INDUSTRY TRADING INVESTMENT JOINT STOCK COMPANY","url":"https:\/\/osakaseimitsu.vn\/","logo":{"@type":"ImageObject","inLanguage":"en-US","@id":"https:\/\/osakaseimitsu.vn\/#\/schema\/logo\/image\/","url":"https:\/\/osakaseimitsu.vn\/wp-content\/uploads\/2021\/03\/favicon.ico","contentUrl":"https:\/\/osakaseimitsu.vn\/wp-content\/uploads\/2021\/03\/favicon.ico","width":48,"height":48,"caption":"HA NOI INDUSTRY TRADING INVESTMENT JOINT STOCK COMPANY"},"image":{"@id":"https:\/\/osakaseimitsu.vn\/#\/schema\/logo\/image\/"},"sameAs":["https:\/\/www.facebook.com","https:\/\/www.instagram.com","https:\/\/www.linkedin.com\/","https:\/\/www.youtube.com\/"]}]}},"_links":{"self":[{"href":"https:\/\/osakaseimitsu.vn\/en\/wp-json\/wp\/v2\/product\/2032\/"}],"collection":[{"href":"https:\/\/osakaseimitsu.vn\/en\/wp-json\/wp\/v2\/product\/"}],"about":[{"href":"https:\/\/osakaseimitsu.vn\/en\/wp-json\/wp\/v2\/types\/product\/"}],"wp:featuredmedia":[{"embeddable":true,"href":"https:\/\/osakaseimitsu.vn\/en\/wp-json\/wp\/v2\/media\/1491\/"}],"wp:attachment":[{"href":"https:\/\/osakaseimitsu.vn\/en\/wp-json\/wp\/v2\/media\/?parent=2032"}],"wp:term":[{"taxonomy":"product-category","embeddable":true,"href":"https:\/\/osakaseimitsu.vn\/en\/wp-json\/wp\/v2\/product-category\/?post=2032"}],"curies":[{"name":"wp","href":"https:\/\/api.w.org\/{rel}","templated":true}]}}